{"id":3,"date":"2023-12-07T10:51:09","date_gmt":"2023-12-07T09:51:09","guid":{"rendered":"http:\/\/autogroup.hu\/?page_id=3"},"modified":"2024-05-09T19:32:54","modified_gmt":"2024-05-09T17:32:54","slug":"adatkezelesi-tajekoztato","status":"publish","type":"page","link":"https:\/\/autogroup.hu\/en\/adatkezelesi-tajekoztato\/","title":{"rendered":"Adatkezel\u00e9si t\u00e1j\u00e9koztat\u00f3"},"content":{"rendered":"<div data-elementor-type=\"wp-page\" data-elementor-id=\"3\" class=\"elementor elementor-3\" data-elementor-post-type=\"page\">\n\t\t\t\t<div class=\"elementor-element elementor-element-3b2870a2 e-flex e-con-boxed e-con e-parent\" data-id=\"3b2870a2\" data-element_type=\"container\">\n\t\t\t\t\t<div class=\"e-con-inner\">\n\t\t\t\t<div class=\"elementor-element elementor-element-3175e90c elementor-widget elementor-widget-text-editor\" data-id=\"3175e90c\" data-element_type=\"widget\" data-widget_type=\"text-editor.default\">\n\t\t\t\t<div class=\"elementor-widget-container\">\n\t\t\t<style>\/*! elementor - v3.21.0 - 26-05-2024 *\/\n.elementor-widget-text-editor.elementor-drop-cap-view-stacked .elementor-drop-cap{background-color:#69727d;color:#fff}.elementor-widget-text-editor.elementor-drop-cap-view-framed .elementor-drop-cap{color:#69727d;border:3px solid;background-color:transparent}.elementor-widget-text-editor:not(.elementor-drop-cap-view-default) .elementor-drop-cap{margin-top:8px}.elementor-widget-text-editor:not(.elementor-drop-cap-view-default) .elementor-drop-cap-letter{width:1em;height:1em}.elementor-widget-text-editor .elementor-drop-cap{float:left;text-align:center;line-height:1;font-size:50px}.elementor-widget-text-editor .elementor-drop-cap-letter{display:inline-block}<\/style>\t\t\t\t<p><!-- wp:heading --><\/p>\n<h1>AutoGroup Hungary Kft. adatv\u00e9delmi t\u00e1j\u00e9koztat\u00f3ja<\/h1>\n<p>Jelen t\u00e1j\u00e9koztat\u00f3 c\u00e9lja, hogy ismertesse az AutoGroup Hungary Kft. \u00fczleti tev\u00e9kenys\u00e9ge sor\u00e1n a partnerei, megrendel\u0151i, az AutoGroup Hungary Kft. szolg\u00e1ltat\u00e1sai \u00e9s term\u00e9kei ir\u00e1nt \u00e9rdekl\u0151d\u0151k szem\u00e9lyes adatait mik\u00e9nt kezeli.<\/p>\n<p>Az Eur\u00f3pai Uni\u00f3 Alapjogi Chart\u00e1ja \u00e9s az Eur\u00f3pai Uni\u00f3 M\u0171k\u00f6d\u00e9s\u00e9r\u0151l Sz\u00f3l\u00f3 Szerz\u0151d\u00e9s r\u00f6gz\u00edti, hogy mindenkinek joga van, a r\u00e1 vonatkoz\u00f3 szem\u00e9lyes adatok v\u00e9delm\u00e9hez. A term\u00e9szetes szem\u00e9lyek szem\u00e9lyes adataik kezel\u00e9s\u00e9vel \u00f6sszef\u00fcgg\u0151 v\u00e9delm\u00e9hez kapcsol\u00f3d\u00f3 elvek \u00e9s szab\u00e1lyok az \u00e1llampolg\u00e1rs\u00e1gt\u00f3l, lak\u00f3helyt\u0151l f\u00fcggetlen\u00fcl mindenkit megilletnek. Tiszteletben kell tartani a term\u00e9szetes szem\u00e9lyek alapvet\u0151 jogait, k\u00fcl\u00f6n\u00f6sen a szem\u00e9lyes adataik v\u00e9delm\u00e9hez val\u00f3 jogukat.<\/p>\n<h2><b>I. Adatkezel\u0151<\/b><\/h2>\n<p>N\u00e9v: AutoGroup Hungary Kft.<br \/>Sz\u00e9khely: 1183 Budapest, Akad\u00e1ly utca 9.<br \/>Ad\u00f3sz\u00e1m: 24706889243<br \/>C\u00e9gjegyz\u00e9ksz\u00e1m: 01 09 178295<br \/>E-mail c\u00edm: info@autogroup.hu<\/p>\n<h3>Jogszab\u00e1lyok<\/h3>\n<p>Az AutoGroup Hungary Kft. \u2013 tov\u00e1bbiakban v\u00e1llalkoz\u00e1s- adatkezel\u00e9si alapelvei \u00f6sszhangban vannak az adatv\u00e9delemmel kapcsolatos hat\u00e1lyos hazai jogszab\u00e1lyokkal, valamint az Eur\u00f3pai Uni\u00f3 jogszab\u00e1lyaival, \u00edgy k\u00fcl\u00f6n\u00f6sen az al\u00e1bbiakkal:<\/p>\n<p>\u00e9vi CXII. t\u00f6rv\u00e9ny: Az inform\u00e1ci\u00f3s \u00f6nrendelkez\u00e9si jogr\u00f3l \u00e9s az inform\u00e1ci\u00f3szabads\u00e1gr\u00f3l,<br \/>\u00e9vi V. t\u00f6rv\u00e9ny: A Polg\u00e1ri T\u00f6rv\u00e9nyk\u00f6nyvr\u0151l,<br \/>\u00e9vi C t\u00f6rv\u00e9ny: A sz\u00e1mvitelr\u0151l sz\u00f3l\u00f3 t\u00f6rv\u00e9ny,<br \/>\u00e9vi I. t\u00f6rv\u00e9ny: A munkat\u00f6rv\u00e9nyk\u00f6nyv\u00e9r\u0151l,<\/p>\n<p>Eur\u00f3pai Parlament \u00e9s a Tan\u00e1cs 2016\/679. sz\u00e1m\u00fa rendelete.<\/p>\n<p>A v\u00e1llalkoz\u00e1s az adatv\u00e9delem ter\u00fclet\u00e9n a felsorolt jogszab\u00e1lyokat tiszteletben tartja, minden k\u00f6r\u00fclm\u00e9nyek k\u00f6z\u00f6tt betartja.<\/p>\n<p>Kik vagyunk<\/p>\n<p>A weboldalunk c\u00edme: https:\/\/autogroup.hu<\/p>\n<h2>II. Adatkezel\u00e9seink<\/h2>\n<h3>Kapcsolatfelv\u00e9teli \u0171rlap, e-mail c\u00edmen vagy telefonon val\u00f3 megkeres\u00e9s<\/h3>\n<p>Az oldalon elhelyez\u00e9sre ker\u00fclt kapcsolatfelv\u00e9teli \u0171rlap is. A v\u00e1llalkoz\u00e1s \u00e1raj\u00e1nlat k\u00e9r\u00e9se eset\u00e9n a k\u00f6vetkez\u0151 adatokat k\u00e9rheti el, amiket a t\u00f6rv\u00e9ny adta kereteken bel\u00fcl kezel.<\/p>\n<p>Az adatok k\u00e9r\u00e9s\u00e9nek c\u00e9lja az \u00fcgyf\u00e9l min\u00e9l pontosabb t\u00e1j\u00e9koztat\u00e1sa, kedvezm\u00e9nyeinek biztos\u00edt\u00e1sa, az \u00e1raj\u00e1nlat elfogad\u00e1sa eset\u00e9n az abban foglaltak teljes\u00edt\u00e9se.<\/p>\n<p>Az adatok kezel\u00e9se az \u00e9rintett \u00f6nk\u00e9ntes hozz\u00e1j\u00e1rul\u00e1sa jogc\u00edm\u00e9n t\u00f6rt\u00e9nik.<\/p>\n<p>Az adatkezel\u00e9s id\u0151tartama az \u00e9rintett k\u00e9r\u00e9s\u00e9re t\u00f6rt\u00e9n\u0151 t\u00f6rl\u00e9s\u00e9ig t\u00f6rt\u00e9nik, kiv\u00e9ve azokat az adatokat, amik a ki\u00e1ll\u00edtott sz\u00e1ml\u00e1kra ker\u00fcltek, mert a vonatkoz\u00f3 sz\u00e1mviteli jogszab\u00e1lyi el\u0151\u00edr\u00e1sok alapj\u00e1n legal\u00e1bb 8 \u00e9vig meg\u0151rzend\u0151ek.<\/p>\n<h3>A kezelt adatok:<\/h3>\n<p>Name<br \/>E-mail<\/p>\n<p>Az adatok k\u00e9r\u00e9s\u00e9nek c\u00e9lja az \u00fcgyf\u00e9l min\u00e9l pontosabb kiszolg\u00e1l\u00e1sa, kedvezm\u00e9nyeinek biztos\u00edt\u00e1sa, a l\u00e9trej\u00f6v\u0151 szerz\u0151d\u00e9sben foglaltak teljes\u00edt\u00e9se.<\/p>\n<p>Az adatok kezel\u00e9se az \u00e9rintett \u00f6nk\u00e9ntes hozz\u00e1j\u00e1rul\u00e1sa jogc\u00edm\u00e9n t\u00f6rt\u00e9nik.<\/p>\n<p>Az adatkezel\u00e9s id\u0151tartama az \u00e9rintett k\u00e9r\u00e9s\u00e9re t\u00f6rt\u00e9n\u0151 t\u00f6rl\u00e9s\u00e9ig t\u00f6rt\u00e9nik, kiv\u00e9ve azokat az adatokat, amik a ki\u00e1ll\u00edtott sz\u00e1ml\u00e1kra ker\u00fcltek, mert a vonatkoz\u00f3 sz\u00e1mviteli jogszab\u00e1lyi el\u0151\u00edr\u00e1sok alapj\u00e1n legal\u00e1bb 8 \u00e9vig meg\u0151rzend\u0151ek.<\/p>\n<p>A kezelt adatok:<br \/>E-mail<br \/>Telefonsz\u00e1m<br \/>Sz\u00e1ml\u00e1z\u00e1si n\u00e9v<br \/>Sz\u00e1ml\u00e1z\u00e1si c\u00edm<br \/>Ad\u00f3sz\u00e1m<br \/><br \/><\/p>\n<h2>S\u00fctik<\/h2>\n<p>Honlapunk s\u00fctiket haszn\u00e1l, hogy megk\u00fcl\u00f6nb\u00f6ztesse \u00d6nt weboldalunk m\u00e1s felhaszn\u00e1l\u00f3it\u00f3l. Ennek seg\u00edts\u00e9g\u00e9vel \u00d6n k\u00f6nnyebben b\u00f6ng\u00e9szhet oldalunkon, \u00e9s a s\u00fctik seg\u00edtenek minket is szolg\u00e9ltat\u00e1saink fejleszt\u00e9sekben.<\/p>\n<p>A s\u00fcti egy olyan bet\u0171kb\u0151l \u00e9s sz\u00e1mokb\u00f3l \u00e1ll\u00f3 kis f\u00e1jl, amelyet a szolg\u00e1ltat\u00f3 k\u00fcld \u00e9s az \u00d6n b\u00f6ng\u00e9sz\u0151j\u00e9ben vagy az \u00d6n sz\u00e1m\u00edt\u00f3g\u00e9p\u00e9nek merevlemez\u00e9n ker\u00fcl elt\u00e1rol\u00e1sra. \u00c1ltal\u00e1ban arra szolg\u00e1l, hogy azonos\u00edtson egy felhaszn\u00e1l\u00f3t, ha az a felhaszn\u00e1l\u00f3 megl\u00e1togatja a weboldalt. R\u00f6gz\u00edti a honlap megl\u00e1togat\u00e1s\u00e1nak t\u00e9ny\u00e9t \u00e9s m\u00e1s, a l\u00e1togat\u00e1ssal kapcsolatos inform\u00e1ci\u00f3t is tartalmaz. Ezen cookie-k a Google \u00e1ltal biztos\u00edtottak, felhaszn\u00e1l\u00e1suk a Google Ads rendszer\u00e9n kereszt\u00fcl t\u00f6rt\u00e9nik. Ezeket a cookie-kat csak egyes al-oldalak l\u00e1togat\u00e1sa eset\u00e9n k\u00fcldj\u00fck el a l\u00e1togat\u00f3 sz\u00e1m\u00edt\u00f3g\u00e9p\u00e9re, teh\u00e1t ezekben csak az adott al-oldal megl\u00e1togat\u00e1s\u00e1nak t\u00e9ny\u00e9t \u00e9s idej\u00e9t t\u00e1roljuk, semmilyen m\u00e1s inform\u00e1ci\u00f3t nem.<\/p>\n<p>Az \u00edgy elk\u00fcld\u00f6tt cookie-k felhaszn\u00e1l\u00e1sa a k\u00f6vetkez\u0151: A k\u00fcls\u0151 szolg\u00e1ltat\u00f3k, k\u00f6z\u00f6tt\u00fck a Google, ezen cookie-k seg\u00edts\u00e9g\u00e9vel t\u00e1rolj\u00e1k, ha az \u00c9rintett kor\u00e1bban m\u00e1r l\u00e1togat\u00e1st tett a hirdet\u0151 webhely\u00e9n, \u00e9s ez alapj\u00e1n hirdet\u00e9seket jelen\u00edtenek meg az \u00c9rintett r\u00e9sz\u00e9re k\u00fcls\u0151 szolg\u00e1ltat\u00f3k \u2013 k\u00f6z\u00f6tt\u00fck a Google \u2013 partnereinek internetes webhelyein. Az \u00c9rintett a Google hirdet\u00e9sek kikapcsol\u00e1s\u00e1ra szolg\u00e1l\u00f3 oldalon tilthatj\u00e1k le a Google cookie-jait. (Azt is jelezheti az \u00c9rintett sz\u00e1m\u00e1ra, hogy a Network Network Advertising Initiative leiratkoz\u00e1si oldal\u00e1n a k\u00fcls\u0151 szolg\u00e1ltat\u00f3k cookie-jait is letilthatj\u00e1k.) A letilt\u00e1st k\u00f6vet\u0151en a sz\u00e1mukra nem fognak megjelenni szem\u00e9lyre szabott aj\u00e1nlatok a Szolg\u00e1ltat\u00f3t\u00f3l. Adatkezel\u00e9s c\u00e9lja a felhaszn\u00e1l\u00f3i \u00e9lm\u00e9ny jav\u00edt\u00e1sa, honlap l\u00e1togatotts\u00e1g m\u00e9r\u00e9se, webanalitika k\u00e9sz\u00edt\u00e9se.<\/p>\n<p>Az adatkezel\u00e9s \u00f6nk\u00e9ntes hozz\u00e1j\u00e1rul\u00e1son alapul a weboldalra t\u00f6rt\u00e9n\u0151 l\u00e1togat\u00e1skor a cookie kezel\u00e9si szab\u00e1lyzat elfogad\u00e1s\u00e1val.<\/p>\n<p>Az adatkezel\u00e9s ideje az \u00e9rintett f\u00e9l b\u00f6ng\u00e9sz\u0151j\u00e9nek be\u00e1ll\u00edt\u00e1sainak m\u00f3dos\u00edt\u00e1s\u00e1ig t\u00f6rt\u00e9nik. A legt\u00f6bb b\u00f6ng\u00e9sz\u0151 \u201eseg\u00edts\u00e9g\u201d men\u00fcpontj\u00e1ban tal\u00e1lhat\u00f3 le\u00edr\u00e1s a cookie be\u00e1ll\u00edt\u00e1sok m\u00f3dos\u00edt\u00e1s\u00e1r\u00f3l (letilt\u00e1s, bekapcsol\u00e1s).<\/p>\n<p>A weboldalon alkalmazott cookie-k:<\/p>\n<p>\u00c1tmeneti (session) cookie: a session cookie-k az \u00c9rintett l\u00e1togat\u00e1sa ut\u00e1n automatikusan t\u00f6rl\u0151dnek. Ezek a cookie-k arra szolg\u00e1lnak, hogy a Szolg\u00e1ltat\u00f3 Honlapja hat\u00e9konyabban \u00e9s biztons\u00e1gosabban tudjon m\u0171k\u00f6dni, teh\u00e1t elengedhetetlenek ahhoz, hogy a Honlap egyes funkci\u00f3i vagy egyes alkalmaz\u00e1sok megfelel\u0151en tudjanak m\u0171k\u00f6dni.<\/p>\n<p>\u00c1lland\u00f3 (persistent) cookie: \u00e1lland\u00f3 cookie-t is haszn\u00e1l a Szolg\u00e1ltat\u00f3 a jobb felhaszn\u00e1l\u00f3i \u00e9lm\u00e9ny \u00e9rdek\u00e9ben (pl. optimaliz\u00e1lt navig\u00e1ci\u00f3 ny\u00fajt\u00e1sa). Ezek a cookie-k hosszabb ideig ker\u00fclnek t\u00e1rol\u00e1sra a b\u00f6ng\u00e9sz\u0151 cookie file-j\u00e1ban. Ennek id\u0151tartama att\u00f3l f\u00fcgg, hogy az \u00c9rintett az internetes b\u00f6ng\u00e9sz\u0151j\u00e9ben milyen be\u00e1ll\u00edt\u00e1st alkalmaz.<\/p>\n<p>Biztons\u00e1gi cookie: k\u00fcls\u0151 szerverek seg\u00edtik a Honlap l\u00e1togatotts\u00e1gi \u00e9s egy\u00e9b webanalitikai adatainak f\u00fcggetlen m\u00e9r\u00e9s\u00e9t \u00e9s audit\u00e1l\u00e1s\u00e1t (Google Analytics). A m\u00e9r\u00e9si adatok kezel\u00e9s\u00e9r\u0151l az adatkezel\u0151k tudnak r\u00e9szletes felvil\u00e1gos\u00edt\u00e1st ny\u00fajtani az \u00c9rintett r\u00e9sz\u00e9re.<\/p>\n<p>El\u00e9rhet\u0151s\u00e9g\u00fck: www.google.com\/analytics<\/p>\n<p>Amennyiben az \u00c9rintett nem szeretn\u00e9, hogy a Google Analytics a fenti adatokat az ismertetett m\u00f3don \u00e9s c\u00e9llal m\u00e9rje, telep\u00edtse b\u00f6ng\u00e9sz\u0151j\u00e9be az ezt blokkol\u00f3 kieg\u00e9sz\u00edt\u0151t.<\/p>\n<p>M\u00e1s honlapokr\u00f3l sz\u00e1rmaz\u00f3 be\u00e1gyazott tartalmak<\/p>\n<p>A honlapon el\u00e9rhet\u0151 bejegyz\u00e9sek k\u00fcls\u0151 forr\u00e1sb\u00f3l sz\u00e1rmaz\u00f3 be\u00e1gyazott tartalmakat (pl. vide\u00f3k, k\u00e9pek, cikkek, t\u00e9rk\u00e9pek, stb.) haszn\u00e1lhatnak. A k\u00fcls\u0151 forr\u00e1sb\u00f3l sz\u00e1rmaz\u00f3 be\u00e1gyazott tartalmak pontosan \u00fagy viselkednek, mintha megl\u00e1togattunk volna egy m\u00e1sik honlapot.<br \/>Ezek a webhelyek lehets\u00e9ges, hogy adatot gy\u0171jtenek a l\u00e1togat\u00f3kr\u00f3l, s\u00fctiket vagy harmadik f\u00e9lt\u0151l sz\u00e1rmaz\u00f3 k\u00f6vet\u0151k\u00f3dot haszn\u00e1lnak, figyelik a be\u00e1gyazott tartalommal kapcsolatos felhaszn\u00e1l\u00f3i viselked\u00e9st, ha rendelkez\u00fcnk felhaszn\u00e1l\u00f3i fi\u00f3kkal \u00e9s be vagyunk jelentkezve az oldalra.<\/p>\n<p>Google Web Fonts<\/p>\n<p>A bet\u0171k\u00e9szletek egys\u00e9ges \u00e1br\u00e1zol\u00e1s\u00e1ra ezen az oldalon a Google \u00e1ltal biztos\u00edtott webes bet\u0171k\u00e9szleteket haszn\u00e1lj\u00e1k. Egy oldal megnyit\u00e1sakor a b\u00f6ng\u00e9sz\u0151 bet\u00f6lti a sz\u00fcks\u00e9ges web-bet\u0171k\u00e9szleteket a b\u00f6ng\u00e9sz\u0151 gyors\u00edt\u00f3t\u00e1r\u00e1ba a sz\u00f6vegek \u00e9s bet\u0171t\u00edpusok megfelel\u0151 megjelen\u00edt\u00e9s\u00e9hez.<\/p>\n<p>Ebb\u0151l a c\u00e9lb\u00f3l b\u00f6ng\u00e9sz\u0151j\u00e9nek k\u00f6zvetlen kapcsolatot kell l\u00e9trehoznia a Google szervereivel. A Google teh\u00e1t tudom\u00e1s\u00e1ra jut, hogy weboldalunkon az \u00d6n IP-c\u00edm\u00e9n kereszt\u00fcl jutottunk el. A Google Web bet\u0171k\u00e9szleteinek haszn\u00e1lata pluginunk egys\u00e9ges \u00e9s vonz\u00f3 megjelen\u00edt\u00e9s\u00e9nek \u00e9rdek\u00e9ben t\u00f6rt\u00e9nik. Ez az 5. cikk \u00e9rtelm\u00e9ben indokolt \u00e9rdeket k\u00e9pvisel. A DSGVO 6. cikke (1) bekezd\u00e9s\u00e9nek f) pontja.<\/p>\n<p>Ha a b\u00f6ng\u00e9sz\u0151 nem t\u00e1mogatja a webes bet\u0171k\u00e9szleteket, akkor a sz\u00e1m\u00edt\u00f3g\u00e9p egy szabv\u00e1nyos bet\u0171t\u00edpust haszn\u00e1l.<\/p>\n<p>A felhaszn\u00e1l\u00f3i adatok kezel\u00e9s\u00e9vel kapcsolatos tov\u00e1bbi inform\u00e1ci\u00f3k a k\u00f6vetkez\u0151 c\u00edmen tal\u00e1lhat\u00f3k:\u00a0https:\/\/developers.google.com\/fonts\/faq\u00a0\u00e9s a Google adatv\u00e9delmi t\u00e1j\u00e9koztat\u00f3j\u00e1ban\u00a0https:\/\/www.google.com\/policies\/privacy\/.<\/p>\n<p>Facebook, instagram<\/p>\n<p>Oldalunk sok m\u00e1s weboldalhoz hasonl\u00f3an ig\u00e9nybe veszi a Facebook azon szolg\u00e1ltat\u00e1sait, melyek weboldalba integr\u00e1lhat\u00f3ak, ezen k\u00edv\u00fcl a Facebook n\u00e9vtelen statisztik\u00e1kat k\u00e9sz\u00edt sz\u00e1munkra az oldalra l\u00e1togat\u00f3k alapj\u00e1n bejegyz\u00e9seink \u00e9s hirdet\u00e9seink siker\u00e9r\u0151l.<br \/>A Facebook adatv\u00e9delmi tev\u00e9kenys\u00e9geir\u0151l az al\u00e1bbi linkeken olvashat r\u00e9szletesen:<br \/>Alapvet\u0151 inform\u00e1ci\u00f3k:\u00a0https:\/\/www.facebook.com\/about\/basics<br \/>Cookie szab\u00e1lyzat:\u00a0https:\/\/www.facebook.com\/policies\/cookies\/<br \/>Adatkezel\u00e9si szab\u00e1lyzat:\u00a0https:\/\/www.facebook.com\/about\/privacy\/<\/p>\n<p>Az \u00e9rintett tiltakozhat szem\u00e9lyes adatainak kezel\u00e9se ellen, ha:<\/p>\n<p>A szem\u00e9lyes adatok kezel\u00e9se, tov\u00e1bb\u00edt\u00e1sa kiz\u00e1r\u00f3lag az adatkezel\u0151 vagy adat \u00e1tvev\u0151 jog\u00e1nak, jogos \u00e9rdekeinek \u00e9rv\u00e9nyes\u00edt\u00e9s\u00e9hez sz\u00fcks\u00e9ges. Kiv\u00e9ve, ha az adatkezel\u00e9st t\u00f6rv\u00e9ny rendeli el.<\/p>\n<p>Szem\u00e9lyes adatfelhaszn\u00e1l\u00e1sa k\u00f6zvetlen \u00fczletszerz\u00e9s, k\u00f6zv\u00e9lem\u00e9ny kutat\u00e1s vagy tudom\u00e1nyos kutat\u00e1s c\u00e9ljaira t\u00f6rt\u00e9nik.<\/p>\n<p>A tiltakoz\u00e1s jog\u00e1nak gyakorl\u00e1s\u00e1t az \u00e9rintett vonatkoz\u00e1s\u00e1ban t\u00f6rv\u00e9ny biztos\u00edtja, az \u00e9rintett jogainak megs\u00e9rt\u00e9se eset\u00e9n az adatkezel\u0151 ellen b\u00edr\u00f3s\u00e1ghoz fordulhat.<\/p>\n<p>Ha az adatkezel\u0151 \u00e9rintett adatainak jogellenes kezel\u00e9s\u00e9vel vagy az adatbiztons\u00e1g k\u00f6vetelm\u00e9nyeinek megszeg\u00e9s\u00e9vel az \u00e9rintett szem\u00e9lyis\u00e9gi jogait megs\u00e9rti, \u00fagy s\u00e9relemd\u00edjat k\u00f6vetelhet, ha k\u00e1rt okoz, akkor azt k\u00f6teles megt\u00e9r\u00edteni.<\/p>\n<p>Adatkezel\u00e9s biztons\u00e1ga<\/p>\n<p>Az adatkezel\u0151 kiemelt figyelmet ford\u00edt arra, hogy a kock\u00e1zat m\u00e9rt\u00e9k\u00e9nek megfelel\u0151 szint\u0171 adatbiztons\u00e1got garant\u00e1ljon. Ha sz\u00fcks\u00e9ges adott esetben v\u00e9grehajtja az adatok \u00e1lneves\u00edt\u00e9s\u00e9t \u00e9s titkos\u00edt\u00e1s\u00e1t, valamint fizikai vagy m\u0171szaki incidens eset\u00e9n az arra val\u00f3 k\u00e9pess\u00e9get is biztos\u00edtja, hogy a szem\u00e9lyes adatokhoz val\u00f3 hozz\u00e1f\u00e9r\u00e9st \u00e9s az adatok rendelkez\u00e9sre \u00e1ll\u00e1s\u00e1t vissza lehet \u00e1ll\u00edtani.<\/p>\n<p>Az adatkezel\u0151 int\u00e9zked\u00e9st hoz annak biztos\u00edt\u00e1s\u00e1ra, hogy a szem\u00e9lyes adatokhoz hozz\u00e1f\u00e9r\u00e9ssel rendelkez\u0151 term\u00e9szetes szem\u00e9lyek kiz\u00e1r\u00f3lag az adatkezel\u0151 utas\u00edt\u00e1s\u00e1nak megfelel\u0151en kezelhess\u00e9k az adatokat.<\/p>\n<p>Adatv\u00e9delmi incidens<\/p>\n<p>Az adatv\u00e9delmi incidenst a v\u00e1llalkoz\u00f3 k\u00e9sedelem n\u00e9lk\u00fcl, de legk\u00e9s\u0151bb 72 \u00f3r\u00e1val bejelenti az illet\u00e9kes fel\u00fcgyeleti hat\u00f3s\u00e1gnak. Ez al\u00f3l kiv\u00e9tel, ha az adatv\u00e9delmi incidens val\u00f3sz\u00edn\u0171s\u00edthet\u0151en nem j\u00e1r kock\u00e1zattal a term\u00e9szetes szem\u00e9lyek jogaira \u00e9s szabads\u00e1g\u00e1ra.<\/p>\n<p>A bejelent\u00e9sben ismertetni kell az incidens jelleg\u00e9t, az \u00e9rintettek kateg\u00f3ri\u00e1it hozz\u00e1vet\u0151leges sz\u00e1m\u00e1t. K\u00f6z\u00f6lni kell a tov\u00e1bbi t\u00e1j\u00e9koztat\u00e1st, kapcsolattart\u00f3 nev\u00e9t \u00e9s el\u00e9rhet\u0151s\u00e9g\u00e9t, valamint ismertetni kell az incidensb\u0151l ered\u0151 val\u00f3sz\u00edn\u0171s\u00edthet\u0151 h\u00e1tr\u00e1nyos k\u00f6vetkezm\u00e9nyeket.<\/p>\n<p>A v\u00e1llalkoz\u00e1s nyilv\u00e1ntartja, az adatv\u00e9delmi incidenst, felt\u00fcnteti az ehhez kapcsol\u00f3d\u00f3 t\u00e9nyeket azok hat\u00e1sait \u00e9s az orvosl\u00e1sban tett int\u00e9zked\u00e9seket.<\/p>\n<p>Ha az adatv\u00e9delmi incidens val\u00f3sz\u00edn\u0171s\u00edthet\u0151en magas kock\u00e1zattal j\u00e1r a term\u00e9szetes szem\u00e9ly jogaira vonatkoz\u00f3an, a v\u00e1llalkoz\u00e1sk\u00e9sedelem n\u00e9lk\u00fcl t\u00e1j\u00e9koztatja az \u00e9rintetett az incidensr\u0151l.<\/p>\n<p>Az \u00e9rintetett nem kell t\u00e1j\u00e9koztatni, ha a k\u00f6vetkez\u0151 felt\u00e9telek egyike teljes\u00fcl:<\/p>\n<p>Az adatkezel\u0151 megfelel\u0151 v\u00e9delmi int\u00e9zked\u00e9seket hajtott v\u00e9gre \u00e9s ennek hat\u00e1s\u00e1ra a szem\u00e9lyes adatokhoz val\u00f3 hozz\u00e1f\u00e9r\u00e9sre fel nem jogos\u00edtott szem\u00e9lyek sz\u00e1m\u00e1ra \u00e9rtelmezhetetlenn\u00e9 tett\u00e9k az adatokat.<\/p>\n<p>Olyan tov\u00e1bbi int\u00e9zked\u00e9sek bevezet\u00e9s\u00e9re ker\u00fclt sor, amelyek biztos\u00edtj\u00e1k az \u00e9rintettek jogait.<\/p>\n<p>A t\u00e1j\u00e9koztat\u00e1s ar\u00e1nytalan er\u0151fesz\u00edt\u00e9st tenne sz\u00fcks\u00e9gess\u00e9.<\/p>\n<h2>JOGORVOSLAT<\/h2>\n<p>Az \u00e9rintett tiltakozhat szem\u00e9lyes adat\u00e1nak kezel\u00e9se ellen, ha:<\/p>\n<p>a szem\u00e9lyes adatok kezel\u00e9se vagy tov\u00e1bb\u00edt\u00e1sa kiz\u00e1r\u00f3lag a Szolg\u00e1ltat\u00f3ra vonatkoz\u00f3 jogi k\u00f6telezetts\u00e9g teljes\u00edt\u00e9s\u00e9hez, vagy a Szolg\u00e1ltat\u00f3, adat\u00e1tvev\u0151 vagy harmadik szem\u00e9ly jogos \u00e9rdek\u00e9nek \u00e9rv\u00e9nyes\u00edt\u00e9s\u00e9hez sz\u00fcks\u00e9ges, kiv\u00e9ve, ha az adatkezel\u00e9st t\u00f6rv\u00e9ny rendelte el;<\/p>\n<p>a szem\u00e9lyes adat felhaszn\u00e1l\u00e1sa vagy tov\u00e1bb\u00edt\u00e1sa k\u00f6zvetlen \u00fczletszerz\u00e9s, k\u00f6zv\u00e9lem\u00e9ny-kutat\u00e1s vagy tudom\u00e1nyos kutat\u00e1s c\u00e9lj\u00e1ra t\u00f6rt\u00e9nik;<\/p>\n<p>t\u00f6rv\u00e9nyben meghat\u00e1rozott egy\u00e9b esetben.<\/p>\n<p>V\u00e1llalkoz\u00e1s a tiltakoz\u00e1st a k\u00e9relem beny\u00fajt\u00e1s\u00e1t\u00f3l sz\u00e1m\u00edtott legr\u00f6videbb id\u0151n bel\u00fcl, de legfeljebb 15 nap alatt megvizsg\u00e1lja, annak megalapozotts\u00e1ga k\u00e9rd\u00e9s\u00e9ben d\u00f6nt\u00e9st hoz, \u00e9s d\u00f6nt\u00e9s\u00e9r\u0151l a k\u00e9relmez\u0151t \u00edr\u00e1sban t\u00e1j\u00e9koztatja.<\/p>\n<p>Ha a v\u00e1llalkoz\u00e1s az \u00e9rintett tiltakoz\u00e1s\u00e1nak megalapozotts\u00e1g\u00e1t meg\u00e1llap\u00edtja, az adatkezel\u00e9st \u2013 bele\u00e9rtve a tov\u00e1bbi adatfelv\u00e9telt \u00e9s adattov\u00e1bb\u00edt\u00e1st is \u2013 megsz\u00fcnteti, \u00e9s az adatokat z\u00e1rolja, valamint a tiltakoz\u00e1sr\u00f3l, tov\u00e1bb\u00e1 az annak alapj\u00e1n tett int\u00e9zked\u00e9sekr\u0151l \u00e9rtes\u00edti mindazokat, akik r\u00e9sz\u00e9re a tiltakoz\u00e1ssal \u00e9rintett szem\u00e9lyes adatot kor\u00e1bban tov\u00e1bb\u00edtotta, \u00e9s akik k\u00f6telesek int\u00e9zkedni a tiltakoz\u00e1si jog \u00e9rv\u00e9nyes\u00edt\u00e9se \u00e9rdek\u00e9ben.<\/p>\n<p>Amennyiben a Felhaszn\u00e1l\u00f3 a V\u00e1llalkoz\u00e1s meghozott d\u00f6nt\u00e9s\u00e9vel nem \u00e9rt egyet, az ellen \u2013 annak k\u00f6zl\u00e9s\u00e9t\u0151l sz\u00e1m\u00edtott 30 napon bel\u00fcl \u2013 b\u00edr\u00f3s\u00e1ghoz fordulhat.<\/p>\n<p>Felhaszn\u00e1l\u00f3 a jogainak megs\u00e9rt\u00e9se eset\u00e9n V\u00e1llalkoz\u00e1s ellen b\u00edr\u00f3s\u00e1ghoz fordulhat. A b\u00edr\u00f3s\u00e1g az \u00fcgyben soron k\u00edv\u00fcl j\u00e1r el. Jogorvoslati lehet\u0151s\u00e9ggel, panasszal a Nemzeti Adatv\u00e9delmi \u00e9s Inform\u00e1ci\u00f3szabads\u00e1g Hat\u00f3s\u00e1gn\u00e1l lehet \u00e9lni:<\/p>\n<h2>Panaszt\u00e9telhez val\u00f3 jog:<\/h2>\n<p>Ha az \u00e9rintett \u00fagy \u00edt\u00e9li meg, hogy szem\u00e9lyes adatainak kezel\u00e9se megs\u00e9rti a hat\u00e1lyos adatv\u00e9delmi szab\u00e1lyait, jogos \u00e9rdekeit jog\u00e1ban \u00e1ll a nemzeti ADATV\u00c9DELMI \u00e9s inform\u00e1ci\u00f3s hat\u00f3s\u00e1gn\u00e1l panaszt tenni.<\/p>\n<h2>K\u00e1rt\u00e9r\u00edt\u00e9shez val\u00f3 jog:<\/h2>\n<p>A v\u00e1llalkoz\u00e1sk\u00f6teles megt\u00e9r\u00edteni az a vagyoni vagy nem vagyoni k\u00e1rt, amelyet a GPDR, a GPDR-rel \u00f6sszhangban elfogadott, jogi aktusok megs\u00e9rt\u00e9s\u00e9vel k\u00f6vetett el az adatkezel\u0151.<\/p>\n<h2>Egy\u00e9b ig\u00e9ny \u00e9rv\u00e9nyes\u00edt\u00e9si lehet\u0151s\u00e9ge:<\/h2>\n<p>Az \u00e9rintettnek jog\u00e1ban \u00e1ll a panasznak nev\u00e9ben t\u00f6rt\u00e9n\u0151 beny\u00fajt\u00e1s\u00e1val fel\u00fcgyeleti hat\u00f3s\u00e1g hat\u00e1rozat\u00e1nak, b\u00edr\u00f3s\u00e1gi fel\u00fclvizsg\u00e1lat\u00e1val, kereset ind\u00edt\u00e1ssal, k\u00e1rt\u00e9r\u00edt\u00e9si jog\u00e1nak \u00e9rv\u00e9nyes\u00edt\u00e9s\u00e9vel olyan nonprofit jelleg\u0171 szervezetnek, egyes\u00fcletet megb\u00edzni, amelyet az Eur\u00f3pai Uni\u00f3 jog\u00e1nak megfelel\u0151en hoztak l\u00e9tre, \u00e9s c\u00e9lja a k\u00f6z\u00e9rdek szolg\u00e1lata az \u00e9rintettek jogainak, szabads\u00e1g\u00e1nak v\u00e9delme.<\/p>\n<p><!-- \/wp:paragraph --><\/p>\t\t\t\t\t\t<\/div>\n\t\t\t\t<\/div>\n\t\t\t\t\t<\/div>\n\t\t\t\t<\/div>\n\t\t\t\t<\/div>","protected":false},"excerpt":{"rendered":"<p>AutoGroup Hungary Kft. adatv\u00e9delmi t\u00e1j\u00e9koztat\u00f3ja Jelen t\u00e1j\u00e9koztat\u00f3 c\u00e9lja, hogy ismertesse az AutoGroup Hungary Kft. \u00fczleti tev\u00e9kenys\u00e9ge sor\u00e1n a partnerei, megrendel\u0151i, az AutoGroup Hungary Kft. szolg\u00e1ltat\u00e1sai \u00e9s term\u00e9kei ir\u00e1nt \u00e9rdekl\u0151d\u0151k szem\u00e9lyes adatait mik\u00e9nt kezeli. Az Eur\u00f3pai Uni\u00f3 Alapjogi Chart\u00e1ja \u00e9s az Eur\u00f3pai Uni\u00f3 M\u0171k\u00f6d\u00e9s\u00e9r\u0151l Sz\u00f3l\u00f3 Szerz\u0151d\u00e9s r\u00f6gz\u00edti, hogy mindenkinek joga van, a r\u00e1 vonatkoz\u00f3 szem\u00e9lyes adatok [&hellip;]<\/p>","protected":false},"author":1,"featured_media":0,"parent":0,"menu_order":0,"comment_status":"closed","ping_status":"closed","template":"elementor_header_footer","meta":{"footnotes":""},"_links":{"self":[{"href":"https:\/\/autogroup.hu\/en\/wp-json\/wp\/v2\/pages\/3"}],"collection":[{"href":"https:\/\/autogroup.hu\/en\/wp-json\/wp\/v2\/pages"}],"about":[{"href":"https:\/\/autogroup.hu\/en\/wp-json\/wp\/v2\/types\/page"}],"author":[{"embeddable":true,"href":"https:\/\/autogroup.hu\/en\/wp-json\/wp\/v2\/users\/1"}],"replies":[{"embeddable":true,"href":"https:\/\/autogroup.hu\/en\/wp-json\/wp\/v2\/comments?post=3"}],"version-history":[{"count":7,"href":"https:\/\/autogroup.hu\/en\/wp-json\/wp\/v2\/pages\/3\/revisions"}],"predecessor-version":[{"id":431,"href":"https:\/\/autogroup.hu\/en\/wp-json\/wp\/v2\/pages\/3\/revisions\/431"}],"wp:attachment":[{"href":"https:\/\/autogroup.hu\/en\/wp-json\/wp\/v2\/media?parent=3"}],"curies":[{"name":"wp","href":"https:\/\/api.w.org\/{rel}","templated":true}]}}